{"id":255,"date":"2021-12-13T09:26:10","date_gmt":"2021-12-13T09:26:10","guid":{"rendered":"https:\/\/demo.yolotheme.com\/dummy\/trusmile\/?page_id=255"},"modified":"2022-12-13T12:54:37","modified_gmt":"2022-12-13T12:54:37","slug":"our-services","status":"publish","type":"page","link":"https:\/\/endoheemskerk.nl\/?page_id=255","title":{"rendered":"Herbehandeling"},"content":{"rendered":"\t\t<div data-elementor-type=\"wp-page\" data-elementor-id=\"255\" class=\"elementor elementor-255\">\n\t\t\t\t\t\t\t\t\t<section class=\"elementor-section elementor-top-section elementor-element elementor-element-eb98c37 elementor-section-boxed elementor-section-height-default elementor-section-height-default\" data-id=\"eb98c37\" data-element_type=\"section\" data-settings=\"{&quot;background_background&quot;:&quot;classic&quot;}\">\n\t\t\t\t\t\t\t<div class=\"elementor-background-overlay\"><\/div>\n\t\t\t\t\t\t\t<div class=\"elementor-container elementor-column-gap-default\">\n\t\t\t\t\t<div class=\"elementor-column elementor-col-100 elementor-top-column elementor-element elementor-element-169c8c2\" data-id=\"169c8c2\" data-element_type=\"column\">\n\t\t\t<div class=\"elementor-widget-wrap elementor-element-populated\">\n\t\t\t\t\t\t\t\t<div class=\"elementor-element elementor-element-1b3babc elementor-widget elementor-widget-yolo_title\" data-id=\"1b3babc\" data-element_type=\"widget\" data-widget_type=\"yolo_title.default\">\n\t\t\t\t<div class=\"elementor-widget-container\">\n\t\t\t        <div class=\"yolo-modern-heading\">\n            \n                    <div class=\"heading-secondary-wrap\">\n            <p class=\"heading-secondary elementor-heading-title\">Service Menu<\/p>        <\/div>\n        \n                    <div class=\"heading-primary-wrap\">\n            <h1 class=\"heading-primary elementor-heading-title\">Our Services<\/h1>        <\/div>\n        \n                    <\/div>\n        \t\t<\/div>\n\t\t\t\t<\/div>\n\t\t\t\t\t<\/div>\n\t\t<\/div>\n\t\t\t\t\t\t\t<\/div>\n\t\t<\/section>\n\t\t\t\t<section class=\"elementor-section elementor-top-section elementor-element elementor-element-03217cc elementor-section-full_width elementor-section-content-middle elementor-section-height-default elementor-section-height-default\" data-id=\"03217cc\" data-element_type=\"section\" data-settings=\"{&quot;background_background&quot;:&quot;classic&quot;}\">\n\t\t\t\t\t\t<div class=\"elementor-container elementor-column-gap-default\">\n\t\t\t\t\t<div class=\"elementor-column elementor-col-50 elementor-top-column elementor-element elementor-element-df415c2\" data-id=\"df415c2\" data-element_type=\"column\">\n\t\t\t<div class=\"elementor-widget-wrap elementor-element-populated\">\n\t\t\t\t\t\t\t\t<div class=\"elementor-element elementor-element-7b73f94 elementor-widget elementor-widget-image-carousel\" data-id=\"7b73f94\" data-element_type=\"widget\" data-settings=\"{&quot;slides_to_show&quot;:&quot;3&quot;,&quot;navigation&quot;:&quot;none&quot;,&quot;autoplay&quot;:&quot;no&quot;,&quot;image_spacing_custom&quot;:{&quot;unit&quot;:&quot;px&quot;,&quot;size&quot;:31,&quot;sizes&quot;:[]},&quot;infinite&quot;:&quot;yes&quot;,&quot;speed&quot;:500,&quot;image_spacing_custom_tablet&quot;:{&quot;unit&quot;:&quot;px&quot;,&quot;size&quot;:&quot;&quot;,&quot;sizes&quot;:[]},&quot;image_spacing_custom_mobile&quot;:{&quot;unit&quot;:&quot;px&quot;,&quot;size&quot;:&quot;&quot;,&quot;sizes&quot;:[]}}\" data-widget_type=\"image-carousel.default\">\n\t\t\t\t<div class=\"elementor-widget-container\">\n\t\t\t<style>\/*! elementor - v3.16.0 - 20-09-2023 *\/\n.elementor-widget-image-carousel .swiper,.elementor-widget-image-carousel .swiper-container{position:static}.elementor-widget-image-carousel .swiper-container .swiper-slide figure,.elementor-widget-image-carousel .swiper .swiper-slide figure{line-height:inherit}.elementor-widget-image-carousel .swiper-slide{text-align:center}.elementor-image-carousel-wrapper:not(.swiper-container-initialized):not(.swiper-initialized) .swiper-slide{max-width:calc(100% \/ var(--e-image-carousel-slides-to-show, 3))}<\/style>\t\t<div class=\"elementor-image-carousel-wrapper swiper-container\" dir=\"ltr\">\n\t\t\t<div class=\"elementor-image-carousel swiper-wrapper swiper-image-stretch\" aria-live=\"polite\">\n\t\t\t\t\t\t\t\t<div class=\"swiper-slide\" role=\"group\" aria-roledescription=\"slide\" aria-label=\"1 of 2\"><a data-elementor-open-lightbox=\"yes\" data-elementor-lightbox-slideshow=\"7b73f94\" data-elementor-lightbox-title=\"Microscoop-900x600\" data-e-action-hash=\"#elementor-action%3Aaction%3Dlightbox%26settings%3DeyJpZCI6Mzc5MywidXJsIjoiaHR0cHM6XC9cL2VuZG9oZWVtc2tlcmsubmxcL3dwLWNvbnRlbnRcL3VwbG9hZHNcLzIwMjJcLzEyXC9taWNyb3Njb29wLTkwMHg2MDAtMS5qcGciLCJzbGlkZXNob3ciOiI3YjczZjk0In0%3D\" href=\"https:\/\/endoheemskerk.nl\/wp-content\/uploads\/2022\/12\/microscoop-900x600-1.jpg\"><figure class=\"swiper-slide-inner\"><img decoding=\"async\" class=\"swiper-slide-image\" src=\"https:\/\/endoheemskerk.nl\/wp-content\/uploads\/elementor\/thumbs\/microscoop-900x600-1-pz3h5y0hgpfrv6nwy0cl0tltf6w4s8f1qlul8ehwl4.jpg\" alt=\"Microscoop-900x600\" \/><\/figure><\/a><\/div><div class=\"swiper-slide\" role=\"group\" aria-roledescription=\"slide\" aria-label=\"2 of 2\"><a data-elementor-open-lightbox=\"yes\" data-elementor-lightbox-slideshow=\"7b73f94\" data-elementor-lightbox-title=\"Dr. Sadeghi\" data-e-action-hash=\"#elementor-action%3Aaction%3Dlightbox%26settings%3DeyJpZCI6Mzc2MywidXJsIjoiaHR0cHM6XC9cL2VuZG9oZWVtc2tlcmsubmxcL3dwLWNvbnRlbnRcL3VwbG9hZHNcLzIwMjJcLzEyXC9XaGF0c0FwcC1JbWFnZS0yMDIyLTEyLTAzLWF0LTIxLjA1LjEyLmpwZWciLCJzbGlkZXNob3ciOiI3YjczZjk0In0%3D\" href=\"https:\/\/endoheemskerk.nl\/wp-content\/uploads\/2022\/12\/WhatsApp-Image-2022-12-03-at-21.05.12.jpeg\"><figure class=\"swiper-slide-inner\"><img decoding=\"async\" class=\"swiper-slide-image\" src=\"https:\/\/endoheemskerk.nl\/wp-content\/uploads\/elementor\/thumbs\/WhatsApp-Image-2022-12-03-at-21.05.12-pz3g8yuboyamjokci96s1n6n5jfjqii27dwc3xe4vs.jpeg\" alt=\"Dr. Sadeghi\" \/><\/figure><\/a><\/div>\t\t\t<\/div>\n\t\t\t\t\t\t\t\n\t\t\t\t\t\t\t\t\t<\/div>\n\t\t\t\t<\/div>\n\t\t\t\t<\/div>\n\t\t\t\t\t<\/div>\n\t\t<\/div>\n\t\t\t\t<div class=\"elementor-column elementor-col-50 elementor-top-column elementor-element elementor-element-2779490\" data-id=\"2779490\" data-element_type=\"column\" data-settings=\"{&quot;background_background&quot;:&quot;classic&quot;}\">\n\t\t\t<div class=\"elementor-widget-wrap elementor-element-populated\">\n\t\t\t\t\t\t\t\t<div class=\"elementor-element elementor-element-22b378f elementor-widget elementor-widget-yolo_title\" data-id=\"22b378f\" data-element_type=\"widget\" data-widget_type=\"yolo_title.default\">\n\t\t\t\t<div class=\"elementor-widget-container\">\n\t\t\t        <div class=\"yolo-modern-heading\">\n            \n            \n                    <div class=\"heading-primary-wrap\">\n            <h2 class=\"heading-primary elementor-heading-title\">Wortelkanaalbehandeling<\/h2>        <\/div>\n        \n                    <div class=\"heading-description-wrap\">\n            <div class=\"heading-description\">\n                <p>Waarom een wortelkanaalbehandeling?<br \/>Tanden en kiezen bestaan uit een kroon en een wortel. De kroon is het deel<br \/>dat boven het tandvlees zichtbaar is. De wortel zit daaronder in de kaak<br \/>verankerd.<br \/>In iedere wortel zit een kanaal: het wortelkanaal. Dit is gevuld met levend<br \/>weefsel, de pulpa. Dit weefsel bestaat uit bindweefsel, zenuwvezels en kleine<br \/>bloedvaten.<br \/>Als een tand of kies aangetast wordt door tandbederf (cari\u00ebs) of door een val,<br \/>kunnen er bacteri\u00ebn bij het wortelkanaal komen. Daardoor raakt de zenuw<br \/>ontstoken en kan uiteindelijk afsterven. Een ontstoken pulpa is vaak pijnlijk,<br \/>maar soms geeft de ontsteking geen klachten. Door de infectie van het<br \/>wortelkanaal ontstaat er ook een ontsteking in het kaakbot direct rondom de<br \/>wortel. Op een r\u00f6ntgenfoto is zo\u2019n ontsteking vaak goed te zien.<br \/>Een ontstoken zenuw en een ontsteking in het kaakbot zijn niet alleen pijnlijk,<br \/>maar leveren ook een gevaar voor tand of kies op. Daarom zal de tandarts<br \/>een wortelkanaalbehandeling uitvoeren.<\/p>            <\/div>\n        <\/div>\n            <\/div>\n        \t\t<\/div>\n\t\t\t\t<\/div>\n\t\t\t\t\t<\/div>\n\t\t<\/div>\n\t\t\t\t\t\t\t<\/div>\n\t\t<\/section>\n\t\t\t\t<section class=\"elementor-section elementor-top-section elementor-element elementor-element-ce324f8 elementor-section-content-middle elementor-section-boxed elementor-section-height-default elementor-section-height-default\" data-id=\"ce324f8\" data-element_type=\"section\" data-settings=\"{&quot;background_background&quot;:&quot;classic&quot;}\">\n\t\t\t\t\t\t<div class=\"elementor-container elementor-column-gap-default\">\n\t\t\t\t\t<div class=\"elementor-column elementor-col-50 elementor-top-column elementor-element elementor-element-8e66ef8\" data-id=\"8e66ef8\" data-element_type=\"column\">\n\t\t\t<div class=\"elementor-widget-wrap elementor-element-populated\">\n\t\t\t\t\t\t\t\t<div class=\"elementor-element elementor-element-dcdddb3 elementor-widget elementor-widget-yolo_title\" data-id=\"dcdddb3\" data-element_type=\"widget\" data-widget_type=\"yolo_title.default\">\n\t\t\t\t<div class=\"elementor-widget-container\">\n\t\t\t        <div class=\"yolo-modern-heading\">\n            \n            \n                    <div class=\"heading-primary-wrap\">\n            <h2 class=\"heading-primary elementor-heading-title\">Hoe verloopt een wortelkanaalbehandeling?<\/h2>        <\/div>\n        \n                    <div class=\"heading-description-wrap\">\n            <div class=\"heading-description\">\n                <p>Tijdens de wortelkanaalbehandeling wordt het wortelkanalenstelsel helemaal<br \/>schoongemaakt en gevuld.<br \/>De behandeling bestaat uit de volgende stappen:<br \/>1. R\u00f6ntgenfoto\u2019s maken<br \/>Voor de wortelkanaalbehandeling worden er \u00e9\u00e9n of meerdere<br \/>r\u00f6ntgenfoto\u2019s gemaakt van de tand of kies. Daarop is te zien hoeveel<br \/>wortels en wortelkanalen er zijn en hoe ze eruitzien. Tijdens de<br \/>behandeling zal de tandarts opnieuw r\u00f6ntgenfoto\u2019s maken om het<br \/>verloop van de behandeling te kunnen controleren.<br \/>2. Verdoven<br \/>Een wortelkanaalbehandeling gebeurt onder plaatselijke verdoving.<br \/>Als de zenuw helemaal afgestorven is, is een verdoving niet altijd<br \/>nodig.<\/p><p>3. Rubberdam aanbrengen<br \/>Een rubberdam is een lapje van latex, of voor mensen met een<br \/>latexallergie van ander materiaal. Daarmee wordt de tand of kies<br \/>afgescheiden van de mondholte. Zo kunnen bacteri\u00ebn in het speeksel<br \/>niet meer bij de tand of kies komen. Ook beschermt de rubberdam de<br \/>mondholte tegen spoelmiddelen en kleine instrumenten die de<br \/>tandarts tijdens de behandeling gebruikt. (In de tarievenlijst wordt de<br \/>rubberdam \u2018cofferdam\u2019 genoemd).<br \/>4. Tand of kies openmaken<br \/>De tandarts maakt het wortelkanaal toegankelijk. Daarvoor maakt de<br \/>tandarts een kleine opening in de tand of kies. Als de zenuw<br \/>ontstoken is, wordt het ontstoken weefsel eruit gehaald.<br \/>5. Wortelkanalen schoonmaken<br \/>Een tand heeft meestal \u00e9\u00e9n wortelkanaal. Een kies heeft er<br \/>meerdere. Als de kanalen gevonden zijn en toegankelijk zijn<br \/>gemaakt, worden ze met een handvijltje of een roterende vijl iets<br \/>breder gemaakt. Dit is nodig om ruimte te maken voor het<br \/>spoelmiddel. Zo worden de kanalen goed schoon.<br \/>6. Wortelkanalen vullen<br \/>Na het reinigen en drogen van de kanalen worden ze gevuld. Ook<br \/>moet het zichtbare gedeelte (de kroon) gevuld worden met<br \/>vulmateriaal. Als alleen vulmateriaal niet voldoende is of als het niet<br \/>kan worden gebruikt, komt er een kroon op de tand of kies. Die wordt<br \/>door een tandtechnieker gemaakt. Daarmee wordt de kans klein dat<br \/>de kanalen opnieuw ontstoken kunnen raken.<\/p><p><strong>Wat gebeurt er na de wortelkanaalbehandeling?<\/strong><br \/>Over het algemeen is er na de behandeling vrijwel geen napijn. Soms moet u<br \/>na de behandeling met uw eigen tandarts een afspraak maken , omdat uw<br \/>tandarts het zichtbare gedeelte van de tand of kies nog moet afwerken, al dan<br \/>niet met een kroon. Meestal moet u na een jaar terugkomen op controle. Dan<br \/>maakt de tandarts een r\u00f6ntgenfoto om te zien of de ontsteking in het kaakbot<br \/>direct rondom de wortel goed genezen is.<\/p>            <\/div>\n        <\/div>\n            <\/div>\n        \t\t<\/div>\n\t\t\t\t<\/div>\n\t\t\t\t\t<\/div>\n\t\t<\/div>\n\t\t\t\t<div class=\"elementor-column elementor-col-50 elementor-top-column elementor-element elementor-element-4f20b9b\" data-id=\"4f20b9b\" data-element_type=\"column\">\n\t\t\t<div class=\"elementor-widget-wrap elementor-element-populated\">\n\t\t\t\t\t\t\t\t<div class=\"elementor-element elementor-element-e8f2f7d elementor-widget elementor-widget-yolo_before_after\" data-id=\"e8f2f7d\" data-element_type=\"widget\" data-widget_type=\"yolo_before_after.default\">\n\t\t\t\t<div class=\"elementor-widget-container\">\n\t\t\t        <div class=\"before-after-slideshow-wrapper yolo-ba-wrapper-6a053fa51e51f\">\n            <div class=\"yolo-slick-carousel before-after-slideshow-6a053fa51e51f\">\n                                    <div class=\"before-after-single-container\">\n                        <div class=\" before-after-inner before-after-inner6a053fa51e524 ba-vertical\" data-transition=\"overlay\" data-direction=\"vertical\" data-type=\"click\" data-offset=\"50\" data-before_label=\"\" data-after_label=\"\">\n                            <div class=\"after-image image-stage\">                                <img decoding=\"async\" src=\"https:\/\/demo.yolotheme.com\/dummy\/trusmile\/wp-content\/uploads\/2022\/03\/after-img.jpg\" alt=\"\" class=\"ba-after-img yolo-after-img ba-img\">\n                            <\/div>\n            \n\n                            <div class=\"before-image image-stage\">                                <img decoding=\"async\" src=\"https:\/\/demo.yolotheme.com\/dummy\/trusmile\/wp-content\/uploads\/2022\/03\/before-img.jpg\" alt=\"\" class=\"ba-before-img yolo-before-img ba-img\">\n                            <\/div>\n\n                            \n                            <div class=\"ba-handle style-2\">\n                                <div class=\"handle-arrow-left\">\n                                    <svg width=\"1792\" height=\"1792\" viewBox=\"0 0 1792 1792\" xmlns=\"http:\/\/www.w3.org\/2000\/svg\"><path d=\"M1408 1216q0 26-19 45t-45 19h-896q-26 0-45-19t-19-45 19-45l448-448q19-19 45-19t45 19l448 448q19 19 19 45z\"\/><\/svg>                                <\/div>\n                                <div class=\"handle-arrow-right\">\n                                    <svg width=\"1792\" height=\"1792\" viewBox=\"0 0 1792 1792\" xmlns=\"http:\/\/www.w3.org\/2000\/svg\"><path d=\"M1408 704q0 26-19 45l-448 448q-19 19-45 19t-45-19l-448-448q-19-19-19-45t19-45 45-19h896q26 0 45 19t19 45z\"\/><\/svg>                                <\/div>\n                            <\/div>\n                        <\/div>\n                    <\/div>\n                            <\/div>\n            <script>\n               jQuery(document).ready(function($){\n                    \"use strict\";\n                    $('.before-after-inner-6a053fa51e524').yoloImageComparison({\n                        control_offset: 50,\n                        direction: 'vertical',\n                        transition: 'overlay',\n                        before_label: '',\n                        after_label: '',\n                        comparison_type: 'click',\n                    });\n\n                    $(\".before-after-slideshow-6a053fa51e51f\").slick({\n                        infinite: false,\n                        adaptiveHeight: false,\n                        autoplay: false,\n                        autoplaySpeed: 3000,\n                        arrows: true,\n                        dots: true,\n                        slidesToScroll: 1,\n                        draggable: false,\n                        swipe: false,\n                        slidesToShow: 1,\n                        responsive: [\n                            {\n                                breakpoint: 1024,\n                                settings: {\n                                    slidesToShow: 1                                }\n                            },\n                            {\n                                breakpoint: 768,\n                                settings: {\n                                    slidesToShow: 1                                }\n                            }\n                        ]\n                    }).on('breakpoint', function(event, slick, breakpoint) {\n                        $('.before-after-slideshow-6a053fa51e51f .before-after-inner').each(function() {\n                            let cur = $(this);\n                            let data = cur.data();\n\n                            cur.yoloImageComparison({\n                                control_offset: data.offset,\n                                direction: data.direction,\n                                transition: data.transition,\n                                before_label: data.before_label,\n                                after_label: data.after_label,\n                                comparison_type: data.type,\n                            });\n\n                        });\n                    }).on('setPosition', function(slick) {\n                        $('.before-after-slideshow-6a053fa51e51f .before-after-inner').each(function() {\n                            let cur = $(this);\n                            let data = cur.data();\n\n                            cur.yoloImageComparison({\n                                control_offset: data.offset,\n                                direction: data.direction,\n                                transition: data.transition,\n                                before_label: data.before_label,\n                                after_label: data.after_label,\n                                comparison_type: data.type,\n                            });\n\n                        });\n                    });\n                });\n            <\/script>\n        <\/div>\n        \t\t<\/div>\n\t\t\t\t<\/div>\n\t\t\t\t\t<\/div>\n\t\t<\/div>\n\t\t\t\t\t\t\t<\/div>\n\t\t<\/section>\n\t\t\t\t\t\t\t<\/div>\n\t\t","protected":false},"excerpt":{"rendered":"<p>Service Menu Our Services Wortelkanaalbehandeling Waarom een wortelkanaalbehandeling?Tanden en kiezen bestaan uit een kroon en een wortel. De kroon is het deeldat boven het tandvlees zichtbaar is. De wortel zit daaronder in de kaakverankerd.In iedere wortel zit een kanaal: het wortelkanaal. Dit is gevuld met levendweefsel, de pulpa. Dit weefsel bestaat uit bindweefsel, zenuwvezels en kleinebloedvaten.Als een tand of kies aangetast wordt door tandbederf (cari\u00ebs) of door een val,kunnen er bacteri\u00ebn bij het wortelkanaal komen. Daardoor raakt de zenuwontstoken en kan uiteindelijk afsterven. Een ontstoken pulpa is vaak pijnlijk,maar soms geeft de ontsteking geen klachten. Door de infectie van hetwortelkanaal ontstaat er ook een ontsteking in het kaakbot direct rondom dewortel. Op een r\u00f6ntgenfoto is zo\u2019n ontsteking vaak goed te zien.Een ontstoken zenuw en een ontsteking in het kaakbot zijn niet alleen pijnlijk,maar leveren ook een gevaar voor tand of kies op. Daarom zal de tandartseen wortelkanaalbehandeling uitvoeren. Hoe verloopt een wortelkanaalbehandeling? Tijdens de wortelkanaalbehandeling wordt het wortelkanalenstelsel helemaalschoongemaakt en gevuld.De behandeling bestaat uit de volgende stappen:1. R\u00f6ntgenfoto\u2019s makenVoor de wortelkanaalbehandeling worden er \u00e9\u00e9n of meerderer\u00f6ntgenfoto\u2019s gemaakt van de tand of kies. Daarop is te zien hoeveelwortels en wortelkanalen er zijn en hoe ze eruitzien. Tijdens debehandeling zal de tandarts opnieuw r\u00f6ntgenfoto\u2019s maken om hetverloop van de behandeling te kunnen controleren.2. VerdovenEen wortelkanaalbehandeling gebeurt onder plaatselijke verdoving.Als de zenuw helemaal afgestorven is, is een verdoving niet altijdnodig. 3. Rubberdam aanbrengenEen rubberdam is een lapje van latex, of voor mensen met eenlatexallergie van ander materiaal. Daarmee wordt de tand of kiesafgescheiden van de mondholte. Zo kunnen bacteri\u00ebn in het speekselniet meer bij de tand of kies komen. Ook beschermt de rubberdam demondholte tegen spoelmiddelen en kleine instrumenten die detandarts tijdens de behandeling gebruikt. (In de tarievenlijst wordt derubberdam \u2018cofferdam\u2019 genoemd).4. Tand of kies openmakenDe tandarts maakt het wortelkanaal toegankelijk. Daarvoor maakt detandarts een kleine opening in de tand of kies. Als de zenuwontstoken is, wordt het ontstoken weefsel eruit gehaald.5. Wortelkanalen schoonmakenEen tand heeft meestal \u00e9\u00e9n wortelkanaal. Een kies heeft ermeerdere. Als de kanalen gevonden zijn en toegankelijk zijngemaakt, worden ze met een handvijltje of een roterende vijl ietsbreder gemaakt. Dit is nodig om ruimte te maken voor hetspoelmiddel. Zo worden de kanalen goed schoon.6. Wortelkanalen vullenNa het reinigen en drogen van de kanalen worden ze gevuld. Ookmoet het zichtbare gedeelte (de kroon) gevuld worden metvulmateriaal. Als alleen vulmateriaal niet voldoende is of als het nietkan worden gebruikt, komt er een kroon op de tand of kies. Die wordtdoor een tandtechnieker gemaakt. Daarmee wordt de kans klein datde kanalen opnieuw ontstoken kunnen raken. Wat gebeurt er na de wortelkanaalbehandeling?Over het algemeen is er na de behandeling vrijwel geen napijn. Soms moet una de behandeling met uw eigen tandarts een afspraak maken , omdat uwtandarts het zichtbare gedeelte van de tand of kies nog moet afwerken, al danniet met een kroon. Meestal moet u na een jaar terugkomen op controle. Danmaakt de tandarts een r\u00f6ntgenfoto om te zien of de ontsteking in het kaakbotdirect rondom de wortel goed genezen is.<\/p>\n","protected":false},"author":1,"featured_media":0,"parent":0,"menu_order":0,"comment_status":"closed","ping_status":"closed","template":"","meta":{"footnotes":""},"class_list":["post-255","page","type-page","status-publish","hentry"],"_links":{"self":[{"href":"https:\/\/endoheemskerk.nl\/index.php?rest_route=\/wp\/v2\/pages\/255","targetHints":{"allow":["GET"]}}],"collection":[{"href":"https:\/\/endoheemskerk.nl\/index.php?rest_route=\/wp\/v2\/pages"}],"about":[{"href":"https:\/\/endoheemskerk.nl\/index.php?rest_route=\/wp\/v2\/types\/page"}],"author":[{"embeddable":true,"href":"https:\/\/endoheemskerk.nl\/index.php?rest_route=\/wp\/v2\/users\/1"}],"replies":[{"embeddable":true,"href":"https:\/\/endoheemskerk.nl\/index.php?rest_route=%2Fwp%2Fv2%2Fcomments&post=255"}],"version-history":[{"count":16,"href":"https:\/\/endoheemskerk.nl\/index.php?rest_route=\/wp\/v2\/pages\/255\/revisions"}],"predecessor-version":[{"id":3868,"href":"https:\/\/endoheemskerk.nl\/index.php?rest_route=\/wp\/v2\/pages\/255\/revisions\/3868"}],"wp:attachment":[{"href":"https:\/\/endoheemskerk.nl\/index.php?rest_route=%2Fwp%2Fv2%2Fmedia&parent=255"}],"curies":[{"name":"wp","href":"https:\/\/api.w.org\/{rel}","templated":true}]}}